{"id":147,"date":"2020-08-30T14:05:00","date_gmt":"2020-08-30T11:05:00","guid":{"rendered":"https:\/\/romaniancook.com\/?page_id=147"},"modified":"2021-05-12T04:00:53","modified_gmt":"2021-05-12T01:00:53","slug":"about","status":"publish","type":"page","link":"https:\/\/romaniancook.com\/ro\/about\/","title":{"rendered":"Despre noi"},"content":{"rendered":"<h2 class=\"has-text-align-center wp-block-heading\">Cine suntem \u263a<\/h2>\n\n\n\n<p class=\"has-text-align-center has-small-font-size\">\"Oamenilor c\u0103rora le place s\u0103 g\u0103teasc\u0103 le place s\u0103 vorbeasc\u0103 despre m\u00e2ncare ... f\u0103r\u0103 ca un buc\u0103tar s\u0103 ofere altui buc\u0103tar un sfat sau dou\u0103, via\u021ba uman\u0103 ar fi putut disp\u0103rea cu mult timp \u00een urm\u0103.\"<br><em>Laurie Colwin, &#8216;Home Cooking&#8217; <\/em><\/p>\n\n\n\n<p class=\"has-text-align-center\" style=\"font-size:15px\"> Suntem mama si fiica si ne este drag sa impartasim minunatele noastre retete romanesti cu iubitorii gastronomiei si in special cu cei care sunt departe de Romania sau au apropiati r omani pe care vor sa ii surprinda.\nIncercam des in bucataria noastra micuta dar primitoare si retete din bucatariile lumii care ni se par interesante.<\/p>\n\n\n\n<p class=\"has-text-align-center\" style=\"font-size:15px\"> Blogul romaniancook.com a luat nastere la jumatatea anului 2020 din dorinta de a face cunoscute atat de multe retete sanatoase, simple si gustoase care s-au pierdut sau au fost foarte mult modificate in timp.\nCu o colectie impresionanta de carti de bucate vechi si noi, ar fi pacat sa nu impartasim reusitele si esecurile noastre in testarea retetelor si atat de binevenitele trucuri folositoare in bucatarie.\u00a0\u00a0<\/p>\n\n\n\n<p class=\"has-text-align-center\" style=\"font-size:15px\">Vom incerca sa postam cat de multe retete putem pentru a tine vie bucuria gatitului acasa.<\/p>\n\n\n\n<p>Asteptam cu nerabdare intrebarile, comentariile, criticile si laudele. Parerea voastra si intrebarile sunt de mare importanta pentru noi!<\/p>\n\n\n\n<p class=\"has-text-align-center\" style=\"font-size:15px\">Cu prietenie, <br>Camelia si Bianca<\/p>\n\n\n\n<div class=\"wp-block-image is-style-circle-mask\"><figure class=\"aligncenter size-medium is-resized\"><img loading=\"lazy\" decoding=\"async\" src=\"https:\/\/romaniancook.com\/wp-content\/uploads\/2020\/01\/romaniancook-about-300x300.jpg\" alt=\"\" class=\"wp-image-154\" width=\"208\" height=\"208\"\/><\/figure><\/div>\n\n\n\n<p><\/p>\n\n\n\n<p><\/p>","protected":false},"excerpt":{"rendered":"<p>Who we are \u263a \u201cPeople who like to cook like to talk about food&#8230;.without one cook giving another cook a tip or two, human life might have died out a long time ago.\u201dLaurie Colwin, &#8216;Home Cooking&#8217; We are a mother and daughter who love to<\/p>\n<p class=\"entry-excerpt-more\"><a class=\"read-more\" href=\"https:\/\/romaniancook.com\/ro\/about\/\">Read More <i class=\"fa fa-long-arrow-right\"><\/i><\/a><\/p>","protected":false},"author":1,"featured_media":0,"parent":0,"menu_order":0,"comment_status":"closed","ping_status":"closed","template":"","meta":{"wprm-recipe-roundup-name":"","wprm-recipe-roundup-description":"","_monsterinsights_skip_tracking":false,"_monsterinsights_sitenote_active":false,"_monsterinsights_sitenote_note":"","_monsterinsights_sitenote_category":0,"jetpack_post_was_ever_published":false,"footnotes":""},"class_list":["post-147","page","type-page","status-publish","hentry"],"aioseo_notices":[],"jetpack_likes_enabled":true,"jetpack_shortlink":"https:\/\/wp.me\/PbDYJE-2n","jetpack-related-posts":[],"jetpack_sharing_enabled":true,"_links":{"self":[{"href":"https:\/\/romaniancook.com\/ro\/wp-json\/wp\/v2\/pages\/147","targetHints":{"allow":["GET"]}}],"collection":[{"href":"https:\/\/romaniancook.com\/ro\/wp-json\/wp\/v2\/pages"}],"about":[{"href":"https:\/\/romaniancook.com\/ro\/wp-json\/wp\/v2\/types\/page"}],"author":[{"embeddable":true,"href":"https:\/\/romaniancook.com\/ro\/wp-json\/wp\/v2\/users\/1"}],"replies":[{"embeddable":true,"href":"https:\/\/romaniancook.com\/ro\/wp-json\/wp\/v2\/comments?post=147"}],"version-history":[{"count":26,"href":"https:\/\/romaniancook.com\/ro\/wp-json\/wp\/v2\/pages\/147\/revisions"}],"predecessor-version":[{"id":4060,"href":"https:\/\/romaniancook.com\/ro\/wp-json\/wp\/v2\/pages\/147\/revisions\/4060"}],"wp:attachment":[{"href":"https:\/\/romaniancook.com\/ro\/wp-json\/wp\/v2\/media?parent=147"}],"curies":[{"name":"wp","href":"https:\/\/api.w.org\/{rel}","templated":true}]}}